{"id":1238,"date":"2021-10-21T10:45:25","date_gmt":"2021-10-21T07:45:25","guid":{"rendered":"https:\/\/www.sarfsalo.fi\/?page_id=1238"},"modified":"2024-04-14T21:07:22","modified_gmt":"2024-04-14T18:07:22","slug":"jasenyys","status":"publish","type":"page","link":"https:\/\/www.sarfsalo.fi\/fi\/kylatoimikunta\/jasenyys\/","title":{"rendered":"J\u00e4senyys"},"content":{"rendered":"<p>Tervetuloa j\u00e4seneksi! Maksa 20EUR\/v\/j\u00e4sen tilille FI31 4050 1520 0002 32. Ilmoita osoitteesi, s\u00e4hk\u00f6postiosoitteesi ja puhelinnumerosi: sarvisalo@gmail.com<\/p>\n<p>J\u00e4senet voivat noutaa juomavett\u00e4 Byag\u00e5rdenin vesijohdosta hintaan 30\u20ac\/vuosi. Tilinumero hanan luona.<\/p>\n","protected":false},"excerpt":{"rendered":"<p>Tervetuloa j\u00e4seneksi! Maksa 20EUR\/v\/j\u00e4sen tilille FI31 4050 1520 0002 32. Ilmoita osoitteesi, s\u00e4hk\u00f6postiosoitteesi ja puhelinnumerosi: sarvisalo@gmail.com J\u00e4senet voivat noutaa juomavett\u00e4 Byag\u00e5rdenin vesijohdosta hintaan 30\u20ac\/vuosi. Tilinumero hanan luona.<\/p>\n","protected":false},"author":2,"featured_media":0,"parent":54,"menu_order":0,"comment_status":"closed","ping_status":"closed","template":"","meta":{"footnotes":""},"class_list":["post-1238","page","type-page","status-publish","hentry"],"_links":{"self":[{"href":"https:\/\/www.sarfsalo.fi\/fi\/wp-json\/wp\/v2\/pages\/1238","targetHints":{"allow":["GET"]}}],"collection":[{"href":"https:\/\/www.sarfsalo.fi\/fi\/wp-json\/wp\/v2\/pages"}],"about":[{"href":"https:\/\/www.sarfsalo.fi\/fi\/wp-json\/wp\/v2\/types\/page"}],"author":[{"embeddable":true,"href":"https:\/\/www.sarfsalo.fi\/fi\/wp-json\/wp\/v2\/users\/2"}],"replies":[{"embeddable":true,"href":"https:\/\/www.sarfsalo.fi\/fi\/wp-json\/wp\/v2\/comments?post=1238"}],"version-history":[{"count":9,"href":"https:\/\/www.sarfsalo.fi\/fi\/wp-json\/wp\/v2\/pages\/1238\/revisions"}],"predecessor-version":[{"id":1949,"href":"https:\/\/www.sarfsalo.fi\/fi\/wp-json\/wp\/v2\/pages\/1238\/revisions\/1949"}],"up":[{"embeddable":true,"href":"https:\/\/www.sarfsalo.fi\/fi\/wp-json\/wp\/v2\/pages\/54"}],"wp:attachment":[{"href":"https:\/\/www.sarfsalo.fi\/fi\/wp-json\/wp\/v2\/media?parent=1238"}],"curies":[{"name":"wp","href":"https:\/\/api.w.org\/{rel}","templated":true}]}}