{"id":172,"date":"2014-11-03T12:43:05","date_gmt":"2014-11-03T10:43:05","guid":{"rendered":"http:\/\/www.itukylat.fi\/sarvisalo\/?page_id=172"},"modified":"2014-11-03T12:54:29","modified_gmt":"2014-11-03T10:54:29","slug":"hjalmar-kalastaja-maanviljelija","status":"publish","type":"page","link":"https:\/\/www.sarfsalo.fi\/fi\/kotiseutumuseo\/hjalmar-kalastaja-maanviljelija\/","title":{"rendered":"Hjalmar, kalastaja &#8211; maanviljelij\u00e4"},"content":{"rendered":"<p><a href=\"https:\/\/www.sarfsalo.fi\/wp-content\/uploads\/sites\/31\/2014\/11\/Kalastaja-Hjalmari.jpg\" target=\"_blank\"><img loading=\"lazy\" decoding=\"async\" class=\"alignright wp-image-171 size-medium\" src=\"https:\/\/www.sarfsalo.fi\/wp-content\/uploads\/sites\/31\/2014\/11\/Kalastaja-Hjalmari-298x300.jpg\" alt=\"Kalastaja Hjalmari\" width=\"298\" height=\"300\" data-id=\"171\" srcset=\"https:\/\/www.sarfsalo.fi\/wp-content\/uploads\/sites\/31\/2014\/11\/Kalastaja-Hjalmari-298x300.jpg 298w, https:\/\/www.sarfsalo.fi\/wp-content\/uploads\/sites\/31\/2014\/11\/Kalastaja-Hjalmari-150x150.jpg 150w, https:\/\/www.sarfsalo.fi\/wp-content\/uploads\/sites\/31\/2014\/11\/Kalastaja-Hjalmari-50x50.jpg 50w, https:\/\/www.sarfsalo.fi\/wp-content\/uploads\/sites\/31\/2014\/11\/Kalastaja-Hjalmari.jpg 478w\" sizes=\"auto, (max-width: 298px) 100vw, 298px\" \/><\/a>Hjalmar Blomqvist, syntynyt 1899, oli vanhan ajan ihme toisin sanoen kuin keksij\u00e4, tuhattaikuri, joka ratkaisi kaikki ongelmat tehokkaasti, k\u00e4yt\u00e4nn\u00f6llisesti ja nopeasti. Liioittelematta voi sanoa ett\u00e4 Hjalmarilla, my\u00f6s Jammuksi tai Jampuksi kutsuttu, oli k\u00e4dentaitoja joka sormessa. H\u00e4n osasi aina oikaista. H\u00e4nen silm\u00e4ns\u00e4 kertoivat ja h\u00e4nen k\u00e4tens\u00e4 kuvasivat, miten asiat piti hoitaa. Aikanaan h\u00e4n yksin korjasi H\u00e4rk\u00e4p\u00e4\u00e4n kyl\u00e4myllyn akselin ja siivet. Kun ne my\u00f6hemmin piti korjata, tarvittiin sek\u00e4 nosturi ja muita teknisi\u00e4 apuja paikalle. Hjalmar harvoin pyysi apua.<\/p>\n<p>Hjalmar oli kirvesmies, muurari, kalastaja, taloja venerakentaja, maanviljelij\u00e4 jne. L\u00f6ytyik\u00f6h\u00e4n mit\u00e4\u00e4n mit\u00e4 ei Hjalmar osannut hoitaa kuntoon. H\u00e4n rakensi mm. muuntajia tiilist\u00e4; yksi niist\u00e4 on viel\u00e4 <a href=\"https:\/\/www.sarfsalo.fi\/wp-content\/uploads\/sites\/31\/2014\/11\/hjalmar-ja-hevonen.jpg\" target=\"_blank\"><img loading=\"lazy\" decoding=\"async\" class=\"size-full wp-image-173 alignright\" src=\"https:\/\/www.sarfsalo.fi\/wp-content\/uploads\/sites\/31\/2014\/11\/hjalmar-ja-hevonen.jpg\" alt=\"hjalmar ja hevonen\" width=\"265\" height=\"186\" data-id=\"173\" \/><\/a>tallessa Tyysterintien laidassa. Tiilet h\u00e4n valmisti tietysti itse. Aikanaan Hjalmar rahtasi kalaa Helsinkiin kalasumpissaan.<\/p>\n<p>Hjalmar oli iloinen ja ulosp\u00e4in suuntautuva. H\u00e4n osasi lukemattomia juttuja ja lauluja. Hjalmar oli avoin ja humoristinen ja miltein aina pilke silm\u00e4kulmassa. Hjalmarin kaivot eiv\u00e4t koskaan ehtyneet.<\/p>\n<p>Hjalmar tunsi kaikki ja kaikki tunsivat Hjalmarin.<\/p>\n<p>&nbsp;<\/p>\n<p><a href=\"https:\/\/www.sarfsalo.fi\/wp-content\/uploads\/sites\/31\/2014\/11\/hjalmar-02.jpg\" target=\"_blank\"><img loading=\"lazy\" decoding=\"async\" class=\"alignleft wp-image-175 size-full\" src=\"https:\/\/www.sarfsalo.fi\/wp-content\/uploads\/sites\/31\/2014\/11\/hjalmar-02-e1415011902787.jpg\" alt=\"hjalmar_02\" width=\"140\" height=\"175\" data-id=\"175\" \/><\/a><a href=\"https:\/\/www.sarfsalo.fi\/wp-content\/uploads\/sites\/31\/2014\/11\/hjalmar-01.jpg\" target=\"_blank\"><img loading=\"lazy\" decoding=\"async\" class=\"alignleft wp-image-174 size-full\" src=\"https:\/\/www.sarfsalo.fi\/wp-content\/uploads\/sites\/31\/2014\/11\/hjalmar-01-e1415011881662.jpg\" alt=\"hjalmar_01\" width=\"140\" height=\"177\" data-id=\"174\" \/><\/a><a href=\"https:\/\/www.sarfsalo.fi\/wp-content\/uploads\/sites\/31\/2014\/11\/hjalmar-04.jpg\" target=\"_blank\"><img loading=\"lazy\" decoding=\"async\" class=\"alignleft wp-image-177 size-full\" src=\"https:\/\/www.sarfsalo.fi\/wp-content\/uploads\/sites\/31\/2014\/11\/hjalmar-04-e1415011949679.jpg\" alt=\"hjalmar_04\" width=\"140\" height=\"176\" data-id=\"177\" \/><\/a><a href=\"https:\/\/www.sarfsalo.fi\/wp-content\/uploads\/sites\/31\/2014\/11\/hjalmar-03.jpg\" target=\"_blank\"><img loading=\"lazy\" decoding=\"async\" class=\"alignleft wp-image-176 size-full\" src=\"https:\/\/www.sarfsalo.fi\/wp-content\/uploads\/sites\/31\/2014\/11\/hjalmar-03-e1415011927729.jpg\" alt=\"hjalmar_03\" width=\"140\" height=\"175\" data-id=\"176\" \/><\/a><\/p>\n","protected":false},"excerpt":{"rendered":"<p>Hjalmar Blomqvist, syntynyt 1899, oli vanhan ajan ihme toisin sanoen kuin keksij\u00e4, tuhattaikuri, joka ratkaisi kaikki ongelmat tehokkaasti, k\u00e4yt\u00e4nn\u00f6llisesti ja nopeasti. Liioittelematta voi sanoa ett\u00e4 Hjalmarilla, my\u00f6s Jammuksi tai Jampuksi kutsuttu, oli k\u00e4dentaitoja joka sormessa. H\u00e4n osasi aina oikaista. H\u00e4nen silm\u00e4ns\u00e4 kertoivat ja h\u00e4nen k\u00e4tens\u00e4 kuvasivat, miten asiat piti hoitaa. Aikanaan h\u00e4n yksin korjasi H\u00e4rk\u00e4p\u00e4\u00e4n [&hellip;]<\/p>\n","protected":false},"author":28,"featured_media":0,"parent":71,"menu_order":0,"comment_status":"closed","ping_status":"closed","template":"","meta":{"footnotes":""},"class_list":["post-172","page","type-page","status-publish","hentry"],"_links":{"self":[{"href":"https:\/\/www.sarfsalo.fi\/fi\/wp-json\/wp\/v2\/pages\/172","targetHints":{"allow":["GET"]}}],"collection":[{"href":"https:\/\/www.sarfsalo.fi\/fi\/wp-json\/wp\/v2\/pages"}],"about":[{"href":"https:\/\/www.sarfsalo.fi\/fi\/wp-json\/wp\/v2\/types\/page"}],"author":[{"embeddable":true,"href":"https:\/\/www.sarfsalo.fi\/fi\/wp-json\/wp\/v2\/users\/28"}],"replies":[{"embeddable":true,"href":"https:\/\/www.sarfsalo.fi\/fi\/wp-json\/wp\/v2\/comments?post=172"}],"version-history":[{"count":3,"href":"https:\/\/www.sarfsalo.fi\/fi\/wp-json\/wp\/v2\/pages\/172\/revisions"}],"predecessor-version":[{"id":185,"href":"https:\/\/www.sarfsalo.fi\/fi\/wp-json\/wp\/v2\/pages\/172\/revisions\/185"}],"up":[{"embeddable":true,"href":"https:\/\/www.sarfsalo.fi\/fi\/wp-json\/wp\/v2\/pages\/71"}],"wp:attachment":[{"href":"https:\/\/www.sarfsalo.fi\/fi\/wp-json\/wp\/v2\/media?parent=172"}],"curies":[{"name":"wp","href":"https:\/\/api.w.org\/{rel}","templated":true}]}}