{"id":54,"date":"2014-10-23T10:53:38","date_gmt":"2014-10-23T07:53:38","guid":{"rendered":"http:\/\/www.itukylat.fi\/sarvisalo\/?page_id=54"},"modified":"2026-01-26T12:54:57","modified_gmt":"2026-01-26T10:54:57","slug":"kylatoimikunta","status":"publish","type":"page","link":"https:\/\/www.sarfsalo.fi\/fi\/kylatoimikunta\/","title":{"rendered":"Kyl\u00e4toimikunta"},"content":{"rendered":"<p>Hallitus 2026:<\/p>\n<p>Puheenjohtaja Ulf Merihein\u00e4 040 7733995\u00a0 \u00a0 \u00a0 \u00a0 \u00a0 \u00a0 \u00a0 \u00a0 \u00a0 \u00a0 \u00a0 \u00a0 \u00a0 \u00a0 \u00a0 \u00a0 \u00a0 \u00a0 \u00a0 \u00a0 \u00a0 \u00a0 \u00a0 \u00a0 \u00a0 \u00a0 \u00a0 \u00a0 \u00a0 \u00a0 \u00a0 \u00a0 \u00a0 \u00a0 \u00a0 \u00a0 \u00a0 \u00a0 \u00a0 \u00a0 \u00a0 \u00a0 \u00a0 \u00a0 \u00a0 \u00a0 \u00a0 \u00a0 \u00a0 \u00a0 \u00a0 \u00a0 Varapj.\u00a0 Jonas Finnb\u00e4ck<br \/>\nSihteeri Maire Merihein\u00e4 040 0806490<br \/>\nPernilla Kronvall 040 5727368 torimyyjien yhteyshenkil\u00f6<br \/>\nMonica Gillberg<br \/>\nBritta Holmberg-Ek<br \/>\nKarl-Johan Karlsson \u00a0 \u00a0 \u00a0 \u00a0 \u00a0 \u00a0 \u00a0 \u00a0 \u00a0 \u00a0 \u00a0 \u00a0 \u00a0 \u00a0 \u00a0 \u00a0 \u00a0 \u00a0 \u00a0 \u00a0 \u00a0 \u00a0 \u00a0 \u00a0 \u00a0 \u00a0 \u00a0 \u00a0 \u00a0 \u00a0 \u00a0 \u00a0 \u00a0 \u00a0 \u00a0 \u00a0 \u00a0 \u00a0 \u00a0 \u00a0 \u00a0 \u00a0 \u00a0 \u00a0 \u00a0 \u00a0 \u00a0 \u00a0 \u00a0 \u00a0 \u00a0 \u00a0 <\/p>\n<p>Varaj\u00e4senet:<br \/>\nAnnika Bj\u00f6rk<br \/>\nTiina Salld\u00e9n<\/p>\n<p><!--more--><\/p>\n<p>&nbsp;<\/p>\n<p>Myyntipaikkavaraukset lauantain kyl\u00e4torille: Pernilla Kronvall pernilla.kronvall@gmail.com<\/p>\n<p>Tervetuloa j\u00e4seneksi! Maksa 20EUR\/v\/j\u00e4sen tilille FI31 4050 1520 0002 32, viitteell\u00e4 1012. Ilmoita osoitteesi, s\u00e4hk\u00f6postiosoitteesi ja puhelinnumerosi: sarvisalo@gmail.com.<\/p>\n<p>J\u00e4senet voivat noutaa juomavett\u00e4 Byag\u00e5rdenin vesijohdosta hintaan 30\u20ac\/vuosi.\u00a0 Tilinumero hanan luona.<\/p>\n<p>Mik\u00e4li haluat vuokrata Byag\u00e5rden&#8217;in tiloja, ota yhteys Bo-Erik Mikander puh. 040 5257672.<\/p>\n<p>&nbsp;<\/p>\n<h1><\/h1>\n<p>&nbsp;<\/p>\n","protected":false},"excerpt":{"rendered":"<p>Hallitus 2026: Puheenjohtaja Ulf Merihein\u00e4 040 7733995\u00a0 \u00a0 \u00a0 \u00a0 \u00a0 \u00a0 \u00a0 \u00a0 \u00a0 \u00a0 \u00a0 \u00a0 \u00a0 \u00a0 \u00a0 \u00a0 \u00a0 \u00a0 \u00a0 \u00a0 \u00a0 \u00a0 \u00a0 \u00a0 \u00a0 \u00a0 \u00a0 \u00a0 \u00a0 \u00a0 \u00a0 \u00a0 \u00a0 \u00a0 \u00a0 \u00a0 \u00a0 \u00a0 \u00a0 \u00a0 \u00a0 \u00a0 \u00a0 \u00a0 \u00a0 \u00a0 \u00a0 \u00a0 \u00a0 [&hellip;]<\/p>\n","protected":false},"author":1,"featured_media":0,"parent":0,"menu_order":0,"comment_status":"closed","ping_status":"closed","template":"","meta":{"footnotes":""},"class_list":["post-54","page","type-page","status-publish","hentry"],"_links":{"self":[{"href":"https:\/\/www.sarfsalo.fi\/fi\/wp-json\/wp\/v2\/pages\/54","targetHints":{"allow":["GET"]}}],"collection":[{"href":"https:\/\/www.sarfsalo.fi\/fi\/wp-json\/wp\/v2\/pages"}],"about":[{"href":"https:\/\/www.sarfsalo.fi\/fi\/wp-json\/wp\/v2\/types\/page"}],"author":[{"embeddable":true,"href":"https:\/\/www.sarfsalo.fi\/fi\/wp-json\/wp\/v2\/users\/1"}],"replies":[{"embeddable":true,"href":"https:\/\/www.sarfsalo.fi\/fi\/wp-json\/wp\/v2\/comments?post=54"}],"version-history":[{"count":11,"href":"https:\/\/www.sarfsalo.fi\/fi\/wp-json\/wp\/v2\/pages\/54\/revisions"}],"predecessor-version":[{"id":2183,"href":"https:\/\/www.sarfsalo.fi\/fi\/wp-json\/wp\/v2\/pages\/54\/revisions\/2183"}],"wp:attachment":[{"href":"https:\/\/www.sarfsalo.fi\/fi\/wp-json\/wp\/v2\/media?parent=54"}],"curies":[{"name":"wp","href":"https:\/\/api.w.org\/{rel}","templated":true}]}}