{"id":698,"date":"2014-12-03T13:02:29","date_gmt":"2014-12-03T11:02:29","guid":{"rendered":"http:\/\/www.itukylat.fi\/sarvisalo\/?page_id=698"},"modified":"2022-06-13T09:10:34","modified_gmt":"2022-06-13T06:10:34","slug":"kesanayttely","status":"publish","type":"page","link":"https:\/\/www.sarfsalo.fi\/fi\/kotiseutumuseo\/kesanayttely\/","title":{"rendered":"Kes\u00e4n\u00e4yttely"},"content":{"rendered":"<p>Museossa jaalan\u00e4yttely ns. vanhat kuvat jahdeista,jotka ovat tavalla tai toisella koskettaneet Sarvisaloa. mm. kertomus Einar Nyqvistist\u00e4.<\/p>\n<p>Sarvisaloon on kuljetettu meritse hiekkaa, puuta ja tarvikkeita. Silta saarelle rakennettiin vasta 1968.<\/p>\n<p>&nbsp;<\/p>\n","protected":false},"excerpt":{"rendered":"<p>Museossa jaalan\u00e4yttely ns. vanhat kuvat jahdeista,jotka ovat tavalla tai toisella koskettaneet Sarvisaloa. mm. kertomus Einar Nyqvistist\u00e4. Sarvisaloon on kuljetettu meritse hiekkaa, puuta ja tarvikkeita. Silta saarelle rakennettiin vasta 1968. &nbsp;<\/p>\n","protected":false},"author":1,"featured_media":0,"parent":71,"menu_order":0,"comment_status":"closed","ping_status":"closed","template":"","meta":{"footnotes":""},"class_list":["post-698","page","type-page","status-publish","hentry"],"_links":{"self":[{"href":"https:\/\/www.sarfsalo.fi\/fi\/wp-json\/wp\/v2\/pages\/698","targetHints":{"allow":["GET"]}}],"collection":[{"href":"https:\/\/www.sarfsalo.fi\/fi\/wp-json\/wp\/v2\/pages"}],"about":[{"href":"https:\/\/www.sarfsalo.fi\/fi\/wp-json\/wp\/v2\/types\/page"}],"author":[{"embeddable":true,"href":"https:\/\/www.sarfsalo.fi\/fi\/wp-json\/wp\/v2\/users\/1"}],"replies":[{"embeddable":true,"href":"https:\/\/www.sarfsalo.fi\/fi\/wp-json\/wp\/v2\/comments?post=698"}],"version-history":[{"count":5,"href":"https:\/\/www.sarfsalo.fi\/fi\/wp-json\/wp\/v2\/pages\/698\/revisions"}],"predecessor-version":[{"id":1615,"href":"https:\/\/www.sarfsalo.fi\/fi\/wp-json\/wp\/v2\/pages\/698\/revisions\/1615"}],"up":[{"embeddable":true,"href":"https:\/\/www.sarfsalo.fi\/fi\/wp-json\/wp\/v2\/pages\/71"}],"wp:attachment":[{"href":"https:\/\/www.sarfsalo.fi\/fi\/wp-json\/wp\/v2\/media?parent=698"}],"curies":[{"name":"wp","href":"https:\/\/api.w.org\/{rel}","templated":true}]}}