{"id":7,"date":"2014-06-11T15:19:17","date_gmt":"2014-06-11T12:19:17","guid":{"rendered":"http:\/\/www.itukylat.fi\/sarvisalo\/?page_id=7"},"modified":"2026-03-31T19:01:11","modified_gmt":"2026-03-31T16:01:11","slug":"tervetuloa-sarvisaloon","status":"publish","type":"page","link":"https:\/\/www.sarfsalo.fi\/fi\/","title":{"rendered":"Tervetuloa Sarvisaloon!"},"content":{"rendered":"<p>Sarvisalo palvelee juuri sinua, kauniiden rantojen saari; sis\u00e4saariston vehreytt\u00e4, kaislikkoisia lahtia ja ulkosaariston luodot ja kalliot, kimmelt\u00e4v\u00e4\u00e4 merta, rantaniittyj\u00e4, vehmaita maisemia, hedelm\u00e4llist\u00e4 maata. Kes\u00e4isin ja nykyisin my\u00f6s talvisin, kev\u00e4isin ja syksyisin saari muuttuu loma-paratiisiksi.<\/p>\n<p><a href=\"https:\/\/www.sarfsalo.fi\/wp-content\/uploads\/sites\/31\/2014\/11\/kartta-copy.jpg\" target=\"_blank\" rel=\"noopener noreferrer\"><img loading=\"lazy\" decoding=\"async\" class=\"alignright size-medium wp-image-466\" src=\"https:\/\/www.sarfsalo.fi\/wp-content\/uploads\/sites\/31\/2014\/11\/kartta-copy-300x255.jpg\" alt=\"kartta copy\" width=\"300\" height=\"255\" data-id=\"466\" srcset=\"https:\/\/www.sarfsalo.fi\/wp-content\/uploads\/sites\/31\/2014\/11\/kartta-copy-300x255.jpg 300w, https:\/\/www.sarfsalo.fi\/wp-content\/uploads\/sites\/31\/2014\/11\/kartta-copy.jpg 922w\" sizes=\"auto, (max-width: 300px) 100vw, 300px\" \/><\/a>Aktiviteetit ja tapahtumat kukoistavat. K\u00e4yt\u00e4 saaren palveluita! Siten s\u00e4ilyt\u00e4t ja kartutat niit\u00e4. Ruoho ei ole vihre\u00e4mp\u00e4\u00e4 toisella puolella siltaa.<\/p>\n<p>Tule Sarvisaloon viihtym\u00e4\u00e4n, tule t\u00e4nne kohottamaan el\u00e4m\u00e4nlaatuasi.<\/p>\n<h4><em><strong>TERVETULOA!<\/strong><\/em><\/h4>\n<p>&nbsp;<\/p>\n<p>&nbsp;<\/p>\n<h2><strong>Ajankohtaista<\/strong><br \/>\nJ\u00e4senmaksun 2026, 20\u20ac\/j\u00e4sen, voi maksaa tilille, Sarfsal\u00f6 Byar\u00e5d rf FI31 4050 1520 0002 32. K\u00e4yt\u00e4 viitett\u00e4 1012.<\/p>\n<ul class=\"lcp_catlist\" id=\"lcp_instance_0\"><\/ul>\n","protected":false},"excerpt":{"rendered":"<p>Sarvisalo palvelee juuri sinua, kauniiden rantojen saari; sis\u00e4saariston vehreytt\u00e4, kaislikkoisia lahtia ja ulkosaariston luodot ja kalliot, kimmelt\u00e4v\u00e4\u00e4 merta, rantaniittyj\u00e4, vehmaita maisemia, hedelm\u00e4llist\u00e4 maata. Kes\u00e4isin ja nykyisin my\u00f6s talvisin, kev\u00e4isin ja syksyisin saari muuttuu loma-paratiisiksi. Aktiviteetit ja tapahtumat kukoistavat. K\u00e4yt\u00e4 saaren palveluita! Siten s\u00e4ilyt\u00e4t ja kartutat niit\u00e4. Ruoho ei ole vihre\u00e4mp\u00e4\u00e4 toisella puolella siltaa. Tule Sarvisaloon [&hellip;]<\/p>\n","protected":false},"author":1,"featured_media":0,"parent":0,"menu_order":0,"comment_status":"closed","ping_status":"closed","template":"","meta":{"footnotes":""},"class_list":["post-7","page","type-page","status-publish","hentry"],"_links":{"self":[{"href":"https:\/\/www.sarfsalo.fi\/fi\/wp-json\/wp\/v2\/pages\/7","targetHints":{"allow":["GET"]}}],"collection":[{"href":"https:\/\/www.sarfsalo.fi\/fi\/wp-json\/wp\/v2\/pages"}],"about":[{"href":"https:\/\/www.sarfsalo.fi\/fi\/wp-json\/wp\/v2\/types\/page"}],"author":[{"embeddable":true,"href":"https:\/\/www.sarfsalo.fi\/fi\/wp-json\/wp\/v2\/users\/1"}],"replies":[{"embeddable":true,"href":"https:\/\/www.sarfsalo.fi\/fi\/wp-json\/wp\/v2\/comments?post=7"}],"version-history":[{"count":21,"href":"https:\/\/www.sarfsalo.fi\/fi\/wp-json\/wp\/v2\/pages\/7\/revisions"}],"predecessor-version":[{"id":2217,"href":"https:\/\/www.sarfsalo.fi\/fi\/wp-json\/wp\/v2\/pages\/7\/revisions\/2217"}],"wp:attachment":[{"href":"https:\/\/www.sarfsalo.fi\/fi\/wp-json\/wp\/v2\/media?parent=7"}],"curies":[{"name":"wp","href":"https:\/\/api.w.org\/{rel}","templated":true}]}}