{"id":71,"date":"2014-10-23T11:12:59","date_gmt":"2014-10-23T08:12:59","guid":{"rendered":"http:\/\/www.itukylat.fi\/sarvisalo\/?page_id=71"},"modified":"2024-04-03T19:15:16","modified_gmt":"2024-04-03T16:15:16","slug":"kotiseutumuseo","status":"publish","type":"page","link":"https:\/\/www.sarfsalo.fi\/fi\/kotiseutumuseo\/","title":{"rendered":"Kotiseutumuseo"},"content":{"rendered":"<p><a href=\"https:\/\/www.sarfsalo.fi\/wp-content\/uploads\/sites\/31\/2014\/11\/hembygdsmus--et.jpg\" target=\"_blank\" rel=\"noopener\"><img loading=\"lazy\" decoding=\"async\" class=\"alignright wp-image-199 size-medium\" src=\"https:\/\/www.sarfsalo.fi\/wp-content\/uploads\/sites\/31\/2014\/11\/hembygdsmus--et-300x225.jpg\" alt=\"hembygdsmus\u00e9et\" width=\"300\" height=\"225\" srcset=\"https:\/\/www.sarfsalo.fi\/wp-content\/uploads\/sites\/31\/2014\/11\/hembygdsmus--et-300x225.jpg 300w, https:\/\/www.sarfsalo.fi\/wp-content\/uploads\/sites\/31\/2014\/11\/hembygdsmus--et.jpg 1024w\" sizes=\"auto, (max-width: 300px) 100vw, 300px\" \/><\/a><\/p>\n<p>Kotiseutumuseo l\u00f6ytyy matalassa punaisessa rakenuksessa Byag\u00e5rdenin pihapiiriss\u00e4. Porvoon museo on valinnut Sarvisalon Kotiseutumuseon kuukauden museoksi kes\u00e4kuussa 2016. Museo on auki kes\u00e4lauantaisin toriaikoina klo 10-12. Siell\u00e4 on museoesineiden pysyv\u00e4 n\u00e4yttely isommassa tilassa, joka on osaltaan uusittu ja lis\u00e4ksi on ns. naisten t\u00f6iden huone avattu t\u00e4lle kaudelle. Pienemm\u00e4ss\u00e4 p\u00e4\u00e4tysiivess\u00e4 j\u00e4rjestet\u00e4\u00e4n joka kes\u00e4inen teemaltaan &#8221; Vanhat valokuvat&#8221;, screenill\u00e4 ja valokuvaraamilla. L\u00e4hivuosina t\u00e4m\u00e4 suosittu vanhojen kuvien esittely on ker\u00e4nnyt jopa yli 1000 katsojaa kes\u00e4\u00e4 kohden.<\/p>\n<p>&nbsp;<\/p>\n<p>&nbsp;<\/p>\n<p>&nbsp;<\/p>\n\n\t\t<style type=\"text\/css\">\n\t\t\t#gallery-1 {\n\t\t\t\tmargin: auto;\n\t\t\t}\n\t\t\t#gallery-1 .gallery-item {\n\t\t\t\tfloat: left;\n\t\t\t\tmargin-top: 10px;\n\t\t\t\ttext-align: center;\n\t\t\t\twidth: 25%;\n\t\t\t}\n\t\t\t#gallery-1 img {\n\t\t\t\tborder: 2px solid #cfcfcf;\n\t\t\t}\n\t\t\t#gallery-1 .gallery-caption {\n\t\t\t\tmargin-left: 0;\n\t\t\t}\n\t\t\t\/* see gallery_shortcode() in wp-includes\/media.php *\/\n\t\t<\/style>\n\t\t<div id='gallery-1' class='gallery galleryid-71 gallery-columns-4 gallery-size-thumbnail'><dl class='gallery-item'>\n\t\t\t<dt class='gallery-icon landscape'>\n\t\t\t\t<a href='https:\/\/www.sarfsalo.fi\/fi\/kotiseutumuseo\/museumskylt\/'><img loading=\"lazy\" decoding=\"async\" width=\"150\" height=\"150\" src=\"https:\/\/www.sarfsalo.fi\/wp-content\/uploads\/sites\/31\/2014\/11\/museumskylt-150x150.jpg\" class=\"attachment-thumbnail size-thumbnail\" alt=\"\" srcset=\"https:\/\/www.sarfsalo.fi\/wp-content\/uploads\/sites\/31\/2014\/11\/museumskylt-150x150.jpg 150w, https:\/\/www.sarfsalo.fi\/wp-content\/uploads\/sites\/31\/2014\/11\/museumskylt-50x50.jpg 50w\" sizes=\"auto, (max-width: 150px) 100vw, 150px\" \/><\/a>\n\t\t\t<\/dt><\/dl><dl class='gallery-item'>\n\t\t\t<dt class='gallery-icon landscape'>\n\t\t\t\t<a href='https:\/\/www.sarfsalo.fi\/fi\/kotiseutumuseo\/vanha_museo3\/'><img loading=\"lazy\" decoding=\"async\" width=\"150\" height=\"150\" src=\"https:\/\/www.sarfsalo.fi\/wp-content\/uploads\/sites\/31\/2014\/11\/vanha_museo3-150x150.jpg\" class=\"attachment-thumbnail size-thumbnail\" alt=\"\" srcset=\"https:\/\/www.sarfsalo.fi\/wp-content\/uploads\/sites\/31\/2014\/11\/vanha_museo3-150x150.jpg 150w, https:\/\/www.sarfsalo.fi\/wp-content\/uploads\/sites\/31\/2014\/11\/vanha_museo3-50x50.jpg 50w\" sizes=\"auto, (max-width: 150px) 100vw, 150px\" \/><\/a>\n\t\t\t<\/dt><\/dl><dl class='gallery-item'>\n\t\t\t<dt class='gallery-icon landscape'>\n\t\t\t\t<a href='https:\/\/www.sarfsalo.fi\/fi\/kotiseutumuseo\/vanha_museo2\/'><img loading=\"lazy\" decoding=\"async\" width=\"150\" height=\"150\" src=\"https:\/\/www.sarfsalo.fi\/wp-content\/uploads\/sites\/31\/2014\/11\/vanha_museo2-150x150.jpg\" class=\"attachment-thumbnail size-thumbnail\" alt=\"\" srcset=\"https:\/\/www.sarfsalo.fi\/wp-content\/uploads\/sites\/31\/2014\/11\/vanha_museo2-150x150.jpg 150w, https:\/\/www.sarfsalo.fi\/wp-content\/uploads\/sites\/31\/2014\/11\/vanha_museo2-50x50.jpg 50w\" sizes=\"auto, (max-width: 150px) 100vw, 150px\" \/><\/a>\n\t\t\t<\/dt><\/dl><dl class='gallery-item'>\n\t\t\t<dt class='gallery-icon landscape'>\n\t\t\t\t<a href='https:\/\/www.sarfsalo.fi\/fi\/kotiseutumuseo\/s11\/'><img loading=\"lazy\" decoding=\"async\" width=\"150\" height=\"150\" src=\"https:\/\/www.sarfsalo.fi\/wp-content\/uploads\/sites\/31\/2014\/11\/s11-150x150.jpg\" class=\"attachment-thumbnail size-thumbnail\" alt=\"\" srcset=\"https:\/\/www.sarfsalo.fi\/wp-content\/uploads\/sites\/31\/2014\/11\/s11-150x150.jpg 150w, https:\/\/www.sarfsalo.fi\/wp-content\/uploads\/sites\/31\/2014\/11\/s11-50x50.jpg 50w\" sizes=\"auto, (max-width: 150px) 100vw, 150px\" \/><\/a>\n\t\t\t<\/dt><\/dl><br style=\"clear: both\" \/><dl class='gallery-item'>\n\t\t\t<dt class='gallery-icon portrait'>\n\t\t\t\t<a href='https:\/\/www.sarfsalo.fi\/fi\/kotiseutumuseo\/s10k2\/'><img loading=\"lazy\" decoding=\"async\" width=\"150\" height=\"150\" src=\"https:\/\/www.sarfsalo.fi\/wp-content\/uploads\/sites\/31\/2014\/11\/s10k2-150x150.jpg\" class=\"attachment-thumbnail size-thumbnail\" alt=\"\" srcset=\"https:\/\/www.sarfsalo.fi\/wp-content\/uploads\/sites\/31\/2014\/11\/s10k2-150x150.jpg 150w, https:\/\/www.sarfsalo.fi\/wp-content\/uploads\/sites\/31\/2014\/11\/s10k2-50x50.jpg 50w\" sizes=\"auto, (max-width: 150px) 100vw, 150px\" \/><\/a>\n\t\t\t<\/dt><\/dl><dl class='gallery-item'>\n\t\t\t<dt class='gallery-icon landscape'>\n\t\t\t\t<a href='https:\/\/www.sarfsalo.fi\/fi\/kotiseutumuseo\/s10k1\/'><img loading=\"lazy\" decoding=\"async\" width=\"150\" height=\"150\" src=\"https:\/\/www.sarfsalo.fi\/wp-content\/uploads\/sites\/31\/2014\/11\/s10k1-150x150.jpg\" class=\"attachment-thumbnail size-thumbnail\" alt=\"\" srcset=\"https:\/\/www.sarfsalo.fi\/wp-content\/uploads\/sites\/31\/2014\/11\/s10k1-150x150.jpg 150w, https:\/\/www.sarfsalo.fi\/wp-content\/uploads\/sites\/31\/2014\/11\/s10k1-50x50.jpg 50w\" sizes=\"auto, (max-width: 150px) 100vw, 150px\" \/><\/a>\n\t\t\t<\/dt><\/dl><dl class='gallery-item'>\n\t\t\t<dt class='gallery-icon landscape'>\n\t\t\t\t<a href='https:\/\/www.sarfsalo.fi\/fi\/kotiseutumuseo\/kotiseutumuseo-2\/'><img loading=\"lazy\" decoding=\"async\" width=\"150\" height=\"150\" src=\"https:\/\/www.sarfsalo.fi\/wp-content\/uploads\/sites\/31\/2014\/11\/kotiseutumuseo-150x150.jpg\" class=\"attachment-thumbnail size-thumbnail\" alt=\"\" srcset=\"https:\/\/www.sarfsalo.fi\/wp-content\/uploads\/sites\/31\/2014\/11\/kotiseutumuseo-150x150.jpg 150w, https:\/\/www.sarfsalo.fi\/wp-content\/uploads\/sites\/31\/2014\/11\/kotiseutumuseo-50x50.jpg 50w\" sizes=\"auto, (max-width: 150px) 100vw, 150px\" \/><\/a>\n\t\t\t<\/dt><\/dl><dl class='gallery-item'>\n\t\t\t<dt class='gallery-icon portrait'>\n\t\t\t\t<a href='https:\/\/www.sarfsalo.fi\/fi\/kotiseutumuseo\/vanha_museo\/'><img loading=\"lazy\" decoding=\"async\" width=\"150\" height=\"150\" src=\"https:\/\/www.sarfsalo.fi\/wp-content\/uploads\/sites\/31\/2014\/11\/vanha_museo-e1416843360285-150x150.jpg\" class=\"attachment-thumbnail size-thumbnail\" alt=\"\" srcset=\"https:\/\/www.sarfsalo.fi\/wp-content\/uploads\/sites\/31\/2014\/11\/vanha_museo-e1416843360285-150x150.jpg 150w, https:\/\/www.sarfsalo.fi\/wp-content\/uploads\/sites\/31\/2014\/11\/vanha_museo-e1416843360285-50x50.jpg 50w\" sizes=\"auto, (max-width: 150px) 100vw, 150px\" \/><\/a>\n\t\t\t<\/dt><\/dl><br style=\"clear: both\" \/>\n\t\t<\/div>\n\n<p>&nbsp;<\/p>\n","protected":false},"excerpt":{"rendered":"<p>Kotiseutumuseo l\u00f6ytyy matalassa punaisessa rakenuksessa Byag\u00e5rdenin pihapiiriss\u00e4. Porvoon museo on valinnut Sarvisalon Kotiseutumuseon kuukauden museoksi kes\u00e4kuussa 2016. Museo on auki kes\u00e4lauantaisin toriaikoina klo 10-12. Siell\u00e4 on museoesineiden pysyv\u00e4 n\u00e4yttely isommassa tilassa, joka on osaltaan uusittu ja lis\u00e4ksi on ns. naisten t\u00f6iden huone avattu t\u00e4lle kaudelle. Pienemm\u00e4ss\u00e4 p\u00e4\u00e4tysiivess\u00e4 j\u00e4rjestet\u00e4\u00e4n joka kes\u00e4inen teemaltaan &#8221; Vanhat valokuvat&#8221;, screenill\u00e4 [&hellip;]<\/p>\n","protected":false},"author":1,"featured_media":0,"parent":0,"menu_order":0,"comment_status":"closed","ping_status":"closed","template":"","meta":{"footnotes":""},"class_list":["post-71","page","type-page","status-publish","hentry"],"_links":{"self":[{"href":"https:\/\/www.sarfsalo.fi\/fi\/wp-json\/wp\/v2\/pages\/71","targetHints":{"allow":["GET"]}}],"collection":[{"href":"https:\/\/www.sarfsalo.fi\/fi\/wp-json\/wp\/v2\/pages"}],"about":[{"href":"https:\/\/www.sarfsalo.fi\/fi\/wp-json\/wp\/v2\/types\/page"}],"author":[{"embeddable":true,"href":"https:\/\/www.sarfsalo.fi\/fi\/wp-json\/wp\/v2\/users\/1"}],"replies":[{"embeddable":true,"href":"https:\/\/www.sarfsalo.fi\/fi\/wp-json\/wp\/v2\/comments?post=71"}],"version-history":[{"count":4,"href":"https:\/\/www.sarfsalo.fi\/fi\/wp-json\/wp\/v2\/pages\/71\/revisions"}],"predecessor-version":[{"id":1879,"href":"https:\/\/www.sarfsalo.fi\/fi\/wp-json\/wp\/v2\/pages\/71\/revisions\/1879"}],"wp:attachment":[{"href":"https:\/\/www.sarfsalo.fi\/fi\/wp-json\/wp\/v2\/media?parent=71"}],"curies":[{"name":"wp","href":"https:\/\/api.w.org\/{rel}","templated":true}]}}