{"id":76,"date":"2014-10-23T11:14:00","date_gmt":"2014-10-23T08:14:00","guid":{"rendered":"http:\/\/www.itukylat.fi\/sarvisalo\/?page_id=76"},"modified":"2024-01-11T15:23:15","modified_gmt":"2024-01-11T13:23:15","slug":"kuvia","status":"publish","type":"page","link":"https:\/\/www.sarfsalo.fi\/fi\/kuvia\/","title":{"rendered":"Historiallisia kuvia"},"content":{"rendered":"<h4><strong>Sarvisalo vanhoin kuvin<\/strong><\/h4>\n<p>Kotiseutumuseolla on perusn\u00e4yttelyn lis\u00e4ksi ns. kes\u00e4n\u00e4yttely; Sarvisalo vanhoin kuvin. Ensimm\u00e4inen n\u00e4yttely pidettiin kes\u00e4ll\u00e4 2012 ja se ker\u00e4si niin suuren suosion ett\u00e4 teemaa jatketaan tulevina vuosina. Kuvat on skannattu kyl\u00e4l\u00e4isten valokuva-albumeista ja Byag\u00e5rdenilla pidettyin\u00e4 valokuvailtoina on tietoja kuvista t\u00e4ydennetty aineistoon. T\u00e4m\u00e4 on eritt\u00e4in arvokasta dokumentaatiota Sarvisalon saaresta. Kuvat teksteineen n\u00e4ytet\u00e4\u00e4n sein\u00e4tauluilla ja suuren tv-ruudun v\u00e4lityksell\u00e4 yleis\u00f6lle museon kes\u00e4n\u00e4yttelyss\u00e4.<\/p>\n\n\t\t<style type=\"text\/css\">\n\t\t\t#gallery-1 {\n\t\t\t\tmargin: auto;\n\t\t\t}\n\t\t\t#gallery-1 .gallery-item {\n\t\t\t\tfloat: left;\n\t\t\t\tmargin-top: 10px;\n\t\t\t\ttext-align: center;\n\t\t\t\twidth: 33%;\n\t\t\t}\n\t\t\t#gallery-1 img {\n\t\t\t\tborder: 2px solid #cfcfcf;\n\t\t\t}\n\t\t\t#gallery-1 .gallery-caption {\n\t\t\t\tmargin-left: 0;\n\t\t\t}\n\t\t\t\/* see gallery_shortcode() in wp-includes\/media.php *\/\n\t\t<\/style>\n\t\t<div id='gallery-1' class='gallery galleryid-76 gallery-columns-3 gallery-size-thumbnail'><dl class='gallery-item'>\n\t\t\t<dt class='gallery-icon landscape'>\n\t\t\t\t<a href='https:\/\/www.sarfsalo.fi\/fi\/kuvia\/museo_01\/'><img loading=\"lazy\" decoding=\"async\" width=\"150\" height=\"150\" src=\"https:\/\/www.sarfsalo.fi\/wp-content\/uploads\/sites\/31\/2014\/11\/museo-01-150x150.jpg\" class=\"attachment-thumbnail size-thumbnail\" alt=\"\" srcset=\"https:\/\/www.sarfsalo.fi\/wp-content\/uploads\/sites\/31\/2014\/11\/museo-01-150x150.jpg 150w, https:\/\/www.sarfsalo.fi\/wp-content\/uploads\/sites\/31\/2014\/11\/museo-01-50x50.jpg 50w\" sizes=\"auto, (max-width: 150px) 100vw, 150px\" \/><\/a>\n\t\t\t<\/dt><\/dl><dl class='gallery-item'>\n\t\t\t<dt class='gallery-icon landscape'>\n\t\t\t\t<a href='https:\/\/www.sarfsalo.fi\/fi\/kuvia\/museo_02\/'><img loading=\"lazy\" decoding=\"async\" width=\"150\" height=\"150\" src=\"https:\/\/www.sarfsalo.fi\/wp-content\/uploads\/sites\/31\/2014\/11\/museo-02-150x150.jpg\" class=\"attachment-thumbnail size-thumbnail\" alt=\"\" srcset=\"https:\/\/www.sarfsalo.fi\/wp-content\/uploads\/sites\/31\/2014\/11\/museo-02-150x150.jpg 150w, https:\/\/www.sarfsalo.fi\/wp-content\/uploads\/sites\/31\/2014\/11\/museo-02-50x50.jpg 50w\" sizes=\"auto, (max-width: 150px) 100vw, 150px\" \/><\/a>\n\t\t\t<\/dt><\/dl><dl class='gallery-item'>\n\t\t\t<dt class='gallery-icon landscape'>\n\t\t\t\t<a href='https:\/\/www.sarfsalo.fi\/fi\/kuvia\/museo_03\/'><img loading=\"lazy\" decoding=\"async\" width=\"150\" height=\"150\" src=\"https:\/\/www.sarfsalo.fi\/wp-content\/uploads\/sites\/31\/2014\/11\/museo-03-150x150.jpg\" class=\"attachment-thumbnail size-thumbnail\" alt=\"\" srcset=\"https:\/\/www.sarfsalo.fi\/wp-content\/uploads\/sites\/31\/2014\/11\/museo-03-150x150.jpg 150w, https:\/\/www.sarfsalo.fi\/wp-content\/uploads\/sites\/31\/2014\/11\/museo-03-50x50.jpg 50w\" sizes=\"auto, (max-width: 150px) 100vw, 150px\" \/><\/a>\n\t\t\t<\/dt><\/dl><br style=\"clear: both\" \/><dl class='gallery-item'>\n\t\t\t<dt class='gallery-icon landscape'>\n\t\t\t\t<a href='https:\/\/www.sarfsalo.fi\/fi\/kuvia\/museo_04\/'><img loading=\"lazy\" decoding=\"async\" width=\"150\" height=\"150\" src=\"https:\/\/www.sarfsalo.fi\/wp-content\/uploads\/sites\/31\/2014\/11\/museo-04-150x150.jpg\" class=\"attachment-thumbnail size-thumbnail\" alt=\"\" srcset=\"https:\/\/www.sarfsalo.fi\/wp-content\/uploads\/sites\/31\/2014\/11\/museo-04-150x150.jpg 150w, https:\/\/www.sarfsalo.fi\/wp-content\/uploads\/sites\/31\/2014\/11\/museo-04-50x50.jpg 50w\" sizes=\"auto, (max-width: 150px) 100vw, 150px\" \/><\/a>\n\t\t\t<\/dt><\/dl><dl class='gallery-item'>\n\t\t\t<dt class='gallery-icon landscape'>\n\t\t\t\t<a href='https:\/\/www.sarfsalo.fi\/fi\/kuvia\/museo_05\/'><img loading=\"lazy\" decoding=\"async\" width=\"150\" height=\"150\" src=\"https:\/\/www.sarfsalo.fi\/wp-content\/uploads\/sites\/31\/2014\/11\/museo-05-150x150.jpg\" class=\"attachment-thumbnail size-thumbnail\" alt=\"\" srcset=\"https:\/\/www.sarfsalo.fi\/wp-content\/uploads\/sites\/31\/2014\/11\/museo-05-150x150.jpg 150w, https:\/\/www.sarfsalo.fi\/wp-content\/uploads\/sites\/31\/2014\/11\/museo-05-50x50.jpg 50w\" sizes=\"auto, (max-width: 150px) 100vw, 150px\" \/><\/a>\n\t\t\t<\/dt><\/dl>\n\t\t\t<br style='clear: both' \/>\n\t\t<\/div>\n\n","protected":false},"excerpt":{"rendered":"<p>Sarvisalo vanhoin kuvin Kotiseutumuseolla on perusn\u00e4yttelyn lis\u00e4ksi ns. kes\u00e4n\u00e4yttely; Sarvisalo vanhoin kuvin. Ensimm\u00e4inen n\u00e4yttely pidettiin kes\u00e4ll\u00e4 2012 ja se ker\u00e4si niin suuren suosion ett\u00e4 teemaa jatketaan tulevina vuosina. Kuvat on skannattu kyl\u00e4l\u00e4isten valokuva-albumeista ja Byag\u00e5rdenilla pidettyin\u00e4 valokuvailtoina on tietoja kuvista t\u00e4ydennetty aineistoon. T\u00e4m\u00e4 on eritt\u00e4in arvokasta dokumentaatiota Sarvisalon saaresta. Kuvat teksteineen n\u00e4ytet\u00e4\u00e4n sein\u00e4tauluilla ja suuren [&hellip;]<\/p>\n","protected":false},"author":1,"featured_media":0,"parent":0,"menu_order":0,"comment_status":"closed","ping_status":"closed","template":"","meta":{"footnotes":""},"class_list":["post-76","page","type-page","status-publish","hentry"],"_links":{"self":[{"href":"https:\/\/www.sarfsalo.fi\/fi\/wp-json\/wp\/v2\/pages\/76","targetHints":{"allow":["GET"]}}],"collection":[{"href":"https:\/\/www.sarfsalo.fi\/fi\/wp-json\/wp\/v2\/pages"}],"about":[{"href":"https:\/\/www.sarfsalo.fi\/fi\/wp-json\/wp\/v2\/types\/page"}],"author":[{"embeddable":true,"href":"https:\/\/www.sarfsalo.fi\/fi\/wp-json\/wp\/v2\/users\/1"}],"replies":[{"embeddable":true,"href":"https:\/\/www.sarfsalo.fi\/fi\/wp-json\/wp\/v2\/comments?post=76"}],"version-history":[{"count":7,"href":"https:\/\/www.sarfsalo.fi\/fi\/wp-json\/wp\/v2\/pages\/76\/revisions"}],"predecessor-version":[{"id":1678,"href":"https:\/\/www.sarfsalo.fi\/fi\/wp-json\/wp\/v2\/pages\/76\/revisions\/1678"}],"wp:attachment":[{"href":"https:\/\/www.sarfsalo.fi\/fi\/wp-json\/wp\/v2\/media?parent=76"}],"curies":[{"name":"wp","href":"https:\/\/api.w.org\/{rel}","templated":true}]}}